{"id":2649,"date":"2020-05-10T15:07:06","date_gmt":"2020-05-10T15:07:06","guid":{"rendered":"https:\/\/dentiste-reymond.ch\/?page_id=2649"},"modified":"2025-04-01T18:40:35","modified_gmt":"2025-04-01T18:40:35","slug":"medecine-dentaire-esthetique","status":"publish","type":"page","link":"https:\/\/www.cabinet-du-grand-pont.ch\/index.php\/services\/medecine-dentaire-esthetique\/","title":{"rendered":"M\u00e9decine dentaire esth\u00e9tique"},"content":{"rendered":"\n<p class=\"has-tertiary-color has-text-color has-link-color wp-elements-7594755bac6575422afb8486a8f8a1ec\">Sublimez votre sourire gr\u00e2ce \u00e0 des traitements personnalis\u00e9s qui allient esth\u00e9tique et sant\u00e9. De la pose de facettes au blanchiment des dents, nous proposons des solutions adapt\u00e9es \u00e0 vos besoins pour am\u00e9liorer l\u2019apparence de vos dents tout en pr\u00e9servant leur int\u00e9grit\u00e9 et leur sant\u00e9.<\/p>\n\n\n\n<p><\/p>\n","protected":false},"excerpt":{"rendered":"<p>Sublimez votre sourire gr\u00e2ce \u00e0 des traitements personnalis\u00e9s qui allient esth\u00e9tique et sant\u00e9. De la pose de facettes au blanchiment des dents, nous proposons des solutions adapt\u00e9es \u00e0 vos besoins pour am\u00e9liorer l\u2019apparence de vos dents tout en pr\u00e9servant leur int\u00e9grit\u00e9 et leur sant\u00e9.<\/p>\n","protected":false},"author":1,"featured_media":2932,"parent":968,"menu_order":0,"comment_status":"closed","ping_status":"closed","template":"","meta":{"footnotes":""},"class_list":["post-2649","page","type-page","status-publish","has-post-thumbnail","hentry"],"_links":{"self":[{"href":"https:\/\/www.cabinet-du-grand-pont.ch\/index.php\/wp-json\/wp\/v2\/pages\/2649","targetHints":{"allow":["GET"]}}],"collection":[{"href":"https:\/\/www.cabinet-du-grand-pont.ch\/index.php\/wp-json\/wp\/v2\/pages"}],"about":[{"href":"https:\/\/www.cabinet-du-grand-pont.ch\/index.php\/wp-json\/wp\/v2\/types\/page"}],"author":[{"embeddable":true,"href":"https:\/\/www.cabinet-du-grand-pont.ch\/index.php\/wp-json\/wp\/v2\/users\/1"}],"replies":[{"embeddable":true,"href":"https:\/\/www.cabinet-du-grand-pont.ch\/index.php\/wp-json\/wp\/v2\/comments?post=2649"}],"version-history":[{"count":2,"href":"https:\/\/www.cabinet-du-grand-pont.ch\/index.php\/wp-json\/wp\/v2\/pages\/2649\/revisions"}],"predecessor-version":[{"id":3429,"href":"https:\/\/www.cabinet-du-grand-pont.ch\/index.php\/wp-json\/wp\/v2\/pages\/2649\/revisions\/3429"}],"up":[{"embeddable":true,"href":"https:\/\/www.cabinet-du-grand-pont.ch\/index.php\/wp-json\/wp\/v2\/pages\/968"}],"wp:featuredmedia":[{"embeddable":true,"href":"https:\/\/www.cabinet-du-grand-pont.ch\/index.php\/wp-json\/wp\/v2\/media\/2932"}],"wp:attachment":[{"href":"https:\/\/www.cabinet-du-grand-pont.ch\/index.php\/wp-json\/wp\/v2\/media?parent=2649"}],"curies":[{"name":"wp","href":"https:\/\/api.w.org\/{rel}","templated":true}]}}