{"id":2651,"date":"2020-05-10T15:07:18","date_gmt":"2020-05-10T15:07:18","guid":{"rendered":"https:\/\/dentiste-reymond.ch\/?page_id=2651"},"modified":"2025-04-01T18:32:41","modified_gmt":"2025-04-01T18:32:41","slug":"chirurgie","status":"publish","type":"page","link":"https:\/\/www.cabinet-du-grand-pont.ch\/index.php\/services\/chirurgie\/","title":{"rendered":"Chirurgie"},"content":{"rendered":"\n<p class=\"has-tertiary-color has-text-color has-link-color wp-elements-141b6441e5e0b16253824b93c03d1dc3\">Lorsque des interventions plus complexes sont n\u00e9cessaires, notre \u00e9quipe vous accompagne avec expertise et bienveillance. Chaque soin est r\u00e9alis\u00e9 avec pr\u00e9cision pour vous garantir des r\u00e9sultats durables et un r\u00e9tablissement optimal.<\/p>\n\n\n\n<p><\/p>\n","protected":false},"excerpt":{"rendered":"<p>Lorsque des interventions plus complexes sont n\u00e9cessaires, notre \u00e9quipe vous accompagne avec expertise et bienveillance. Chaque soin est r\u00e9alis\u00e9 avec pr\u00e9cision pour vous garantir des r\u00e9sultats durables et un r\u00e9tablissement optimal.<\/p>\n","protected":false},"author":1,"featured_media":2914,"parent":968,"menu_order":0,"comment_status":"closed","ping_status":"closed","template":"","meta":{"footnotes":""},"class_list":["post-2651","page","type-page","status-publish","has-post-thumbnail","hentry"],"_links":{"self":[{"href":"https:\/\/www.cabinet-du-grand-pont.ch\/index.php\/wp-json\/wp\/v2\/pages\/2651","targetHints":{"allow":["GET"]}}],"collection":[{"href":"https:\/\/www.cabinet-du-grand-pont.ch\/index.php\/wp-json\/wp\/v2\/pages"}],"about":[{"href":"https:\/\/www.cabinet-du-grand-pont.ch\/index.php\/wp-json\/wp\/v2\/types\/page"}],"author":[{"embeddable":true,"href":"https:\/\/www.cabinet-du-grand-pont.ch\/index.php\/wp-json\/wp\/v2\/users\/1"}],"replies":[{"embeddable":true,"href":"https:\/\/www.cabinet-du-grand-pont.ch\/index.php\/wp-json\/wp\/v2\/comments?post=2651"}],"version-history":[{"count":2,"href":"https:\/\/www.cabinet-du-grand-pont.ch\/index.php\/wp-json\/wp\/v2\/pages\/2651\/revisions"}],"predecessor-version":[{"id":3426,"href":"https:\/\/www.cabinet-du-grand-pont.ch\/index.php\/wp-json\/wp\/v2\/pages\/2651\/revisions\/3426"}],"up":[{"embeddable":true,"href":"https:\/\/www.cabinet-du-grand-pont.ch\/index.php\/wp-json\/wp\/v2\/pages\/968"}],"wp:featuredmedia":[{"embeddable":true,"href":"https:\/\/www.cabinet-du-grand-pont.ch\/index.php\/wp-json\/wp\/v2\/media\/2914"}],"wp:attachment":[{"href":"https:\/\/www.cabinet-du-grand-pont.ch\/index.php\/wp-json\/wp\/v2\/media?parent=2651"}],"curies":[{"name":"wp","href":"https:\/\/api.w.org\/{rel}","templated":true}]}}