{"id":2653,"date":"2020-05-10T15:07:36","date_gmt":"2020-05-10T15:07:36","guid":{"rendered":"https:\/\/dentiste-reymond.ch\/?page_id=2653"},"modified":"2025-04-01T18:33:35","modified_gmt":"2025-04-01T18:33:35","slug":"blanchiments","status":"publish","type":"page","link":"https:\/\/www.cabinet-du-grand-pont.ch\/index.php\/services\/blanchiments\/","title":{"rendered":"Blanchiments"},"content":{"rendered":"\n<ul class=\"wp-block-list has-tertiary-color has-text-color has-link-color wp-elements-3c6b9327b7d5eb381fe0f8f7a8afbb68\">\n<li>Proc\u00e9dure qui consiste \u00e0 \u00e9claircir la teinte des dents vivantes ou non vivantes.<\/li>\n\n\n\n<li>Sur dents vivantes, ce proc\u00e9d\u00e9 agit au moyen d&rsquo;un gel contenant du peroxyde de carbamide, dont l&rsquo;oxyg\u00e8ne est le principe actif, et de goutti\u00e8res en r\u00e9sine molle r\u00e9alis\u00e9es par le laboratoire. Ce traitement est r\u00e9alis\u00e9 chez vous sur plusieurs jours en appliquant le gel dans la goutti\u00e8re conform\u00e9ment aux instructions du m\u00e9decin-dentiste, ou bien au cabinet.<\/li>\n\n\n\n<li>Sur dents non vivantes le produit actif est directement d\u00e9pos\u00e9 \u00e0 l&rsquo;int\u00e9rieur de la dent concern\u00e9e pendant plusieurs jours, puis l&rsquo;op\u00e9ration est r\u00e9p\u00e9t\u00e9e jusqu&rsquo;\u00e0 l&rsquo;obtention de la teinte souhait\u00e9e.<\/li>\n<\/ul>\n\n\n\n<p><\/p>\n","protected":false},"excerpt":{"rendered":"","protected":false},"author":1,"featured_media":2873,"parent":968,"menu_order":0,"comment_status":"closed","ping_status":"closed","template":"","meta":{"footnotes":""},"class_list":["post-2653","page","type-page","status-publish","has-post-thumbnail","hentry"],"_links":{"self":[{"href":"https:\/\/www.cabinet-du-grand-pont.ch\/index.php\/wp-json\/wp\/v2\/pages\/2653","targetHints":{"allow":["GET"]}}],"collection":[{"href":"https:\/\/www.cabinet-du-grand-pont.ch\/index.php\/wp-json\/wp\/v2\/pages"}],"about":[{"href":"https:\/\/www.cabinet-du-grand-pont.ch\/index.php\/wp-json\/wp\/v2\/types\/page"}],"author":[{"embeddable":true,"href":"https:\/\/www.cabinet-du-grand-pont.ch\/index.php\/wp-json\/wp\/v2\/users\/1"}],"replies":[{"embeddable":true,"href":"https:\/\/www.cabinet-du-grand-pont.ch\/index.php\/wp-json\/wp\/v2\/comments?post=2653"}],"version-history":[{"count":2,"href":"https:\/\/www.cabinet-du-grand-pont.ch\/index.php\/wp-json\/wp\/v2\/pages\/2653\/revisions"}],"predecessor-version":[{"id":3427,"href":"https:\/\/www.cabinet-du-grand-pont.ch\/index.php\/wp-json\/wp\/v2\/pages\/2653\/revisions\/3427"}],"up":[{"embeddable":true,"href":"https:\/\/www.cabinet-du-grand-pont.ch\/index.php\/wp-json\/wp\/v2\/pages\/968"}],"wp:featuredmedia":[{"embeddable":true,"href":"https:\/\/www.cabinet-du-grand-pont.ch\/index.php\/wp-json\/wp\/v2\/media\/2873"}],"wp:attachment":[{"href":"https:\/\/www.cabinet-du-grand-pont.ch\/index.php\/wp-json\/wp\/v2\/media?parent=2653"}],"curies":[{"name":"wp","href":"https:\/\/api.w.org\/{rel}","templated":true}]}}