{"id":8,"date":"2016-09-20T16:10:21","date_gmt":"2016-09-20T16:10:21","guid":{"rendered":"http:\/\/dentalia.orionthemes.com\/demo-1\/?page_id=8"},"modified":"2025-04-16T16:33:40","modified_gmt":"2025-04-16T16:33:40","slug":"contact","status":"publish","type":"page","link":"https:\/\/www.cabinet-du-grand-pont.ch\/index.php\/contact\/","title":{"rendered":"Contact"},"content":{"rendered":"<div id=\"pl-8\"  class=\"panel-layout\" ><div id=\"pg-8-0\"  class=\"panel-grid panel-has-style\" ><div class=\"siteorigin-panels-stretch orion-separator bottom-svg-1 bottom-svg-inside divider-no-animation tablet-default mobile-1-in-row desktop-default panel-row-style panel-row-style-for-8-0\" data-stretch-type=\"full-width-stretch\" ><div id=\"pgc-8-0-0\"  class=\"panel-grid-cell\" ><div id=\"panel-8-0-0-0\" class=\"so-panel widget widget_sow-google-map panel-first-child panel-last-child\" data-index=\"0\" ><div class=\"orion custom default panel-widget-style panel-widget-style-for-8-0-0-0\" ><div\n\t\t\t\n\t\t\tclass=\"so-widget-sow-google-map so-widget-sow-google-map-default-a36d1f945f5e-8\"\n\t\t\t\n\t\t>\n<div class=\"sow-google-map-canvas\"\n\tstyle=\"\"\n\tid=\"map-canvas-79d5e77148a3f03730aea368e34c1911\"\n\tdata-options=\"{&quot;address&quot;:&quot;San Francisco&quot;,&quot;zoom&quot;:12,&quot;mobileZoom&quot;:12,&quot;gestureHandling&quot;:&quot;none&quot;,&quot;disableUi&quot;:true,&quot;markerIcon&quot;:&quot;https:\\\/\\\/www.cabinet-du-grand-pont.ch\\\/wp-content\\\/uploads\\\/2016\\\/09\\\/dentalia-demo-marker-1.png&quot;,&quot;markersDraggable&quot;:false,&quot;markerAtCenter&quot;:false,&quot;markerInfoDisplay&quot;:&quot;click&quot;,&quot;markerInfoMultiple&quot;:true,&quot;markerPositions&quot;:[{&quot;place&quot;:&quot;San Francisco&quot;,&quot;info&quot;:&quot;&lt;p&gt;&lt;strong&gt;Dentalia Cosmetic Dentistry&lt;\\\/strong&gt;&lt;br \\\/&gt; 120 Dental Street&lt;br \\\/&gt; San Francisco, CA 94111&lt;\\\/p&gt;\\n&quot;,&quot;infoSelectedEditor&quot;:&quot;tmce&quot;,&quot;infoMaxWidth&quot;:&quot;&quot;,&quot;customMarkerIcon&quot;:&quot;&quot;,&quot;customMarkerIconSize&quot;:&quot;full&quot;}],&quot;mapName&quot;:&quot;Carte personnalis\\u00e9e&quot;,&quot;mapStyles&quot;:[{&quot;featureType&quot;:&quot;water&quot;,&quot;elementType&quot;:&quot;geometry&quot;,&quot;stylers&quot;:[{&quot;color&quot;:&quot;#e9e9e9&quot;},{&quot;lightness&quot;:17}]},{&quot;featureType&quot;:&quot;landscape&quot;,&quot;elementType&quot;:&quot;geometry&quot;,&quot;stylers&quot;:[{&quot;color&quot;:&quot;#f5f5f5&quot;},{&quot;lightness&quot;:20}]},{&quot;featureType&quot;:&quot;road.highway&quot;,&quot;elementType&quot;:&quot;geometry.fill&quot;,&quot;stylers&quot;:[{&quot;color&quot;:&quot;#ffffff&quot;},{&quot;lightness&quot;:17}]},{&quot;featureType&quot;:&quot;road.highway&quot;,&quot;elementType&quot;:&quot;geometry.stroke&quot;,&quot;stylers&quot;:[{&quot;color&quot;:&quot;#ffffff&quot;},{&quot;lightness&quot;:29},{&quot;weight&quot;:0.200000000000000011102230246251565404236316680908203125}]},{&quot;featureType&quot;:&quot;road.arterial&quot;,&quot;elementType&quot;:&quot;geometry&quot;,&quot;stylers&quot;:[{&quot;color&quot;:&quot;#ffffff&quot;},{&quot;lightness&quot;:18}]},{&quot;featureType&quot;:&quot;road.local&quot;,&quot;elementType&quot;:&quot;geometry&quot;,&quot;stylers&quot;:[{&quot;color&quot;:&quot;#ffffff&quot;},{&quot;lightness&quot;:16}]},{&quot;featureType&quot;:&quot;poi&quot;,&quot;elementType&quot;:&quot;geometry&quot;,&quot;stylers&quot;:[{&quot;color&quot;:&quot;#f5f5f5&quot;},{&quot;lightness&quot;:21}]},{&quot;featureType&quot;:&quot;poi.park&quot;,&quot;elementType&quot;:&quot;geometry&quot;,&quot;stylers&quot;:[{&quot;color&quot;:&quot;#dedede&quot;},{&quot;lightness&quot;:21}]},{&quot;elementType&quot;:&quot;labels.text.stroke&quot;,&quot;stylers&quot;:[{&quot;visibility&quot;:&quot;on&quot;},{&quot;color&quot;:&quot;#ffffff&quot;},{&quot;lightness&quot;:16}]},{&quot;elementType&quot;:&quot;labels.text.fill&quot;,&quot;stylers&quot;:[{&quot;saturation&quot;:36},{&quot;color&quot;:&quot;#333333&quot;},{&quot;lightness&quot;:40}]},{&quot;elementType&quot;:&quot;labels.icon&quot;,&quot;stylers&quot;:[{&quot;visibility&quot;:&quot;off&quot;}]},{&quot;featureType&quot;:&quot;transit&quot;,&quot;elementType&quot;:&quot;geometry&quot;,&quot;stylers&quot;:[{&quot;color&quot;:&quot;#f2f2f2&quot;},{&quot;lightness&quot;:19}]},{&quot;featureType&quot;:&quot;administrative&quot;,&quot;elementType&quot;:&quot;geometry.fill&quot;,&quot;stylers&quot;:[{&quot;color&quot;:&quot;#fefefe&quot;},{&quot;lightness&quot;:20}]},{&quot;featureType&quot;:&quot;administrative&quot;,&quot;elementType&quot;:&quot;geometry.stroke&quot;,&quot;stylers&quot;:[{&quot;color&quot;:&quot;#fefefe&quot;},{&quot;lightness&quot;:17},{&quot;weight&quot;:1.1999999999999999555910790149937383830547332763671875}]}],&quot;directions&quot;:&quot;&quot;,&quot;apiKey&quot;:&quot;AIzaSyCwrRYR_b8H9JL36gurApxnP047X003phw&quot;,&quot;breakpoint&quot;:780}\"\n\tdata-fallback-image=\"{&quot;img&quot;:&quot;&quot;}\"><\/div>\n<\/div><\/div><\/div><\/div><\/div><\/div><div id=\"pg-8-1\"  class=\"panel-grid panel-has-style\" ><div class=\"siteorigin-panels-stretch divider-no-animation tablet-default mobile-1-in-row desktop-default overlay-light panel-row-style panel-row-style-for-8-1\" data-stretch-type=\"full\" data-svg-bottom-color=\"#ffffff\" ><div id=\"pgc-8-1-0\"  class=\"panel-grid-cell panel-grid-cell-empty\" ><\/div><div id=\"pgc-8-1-1\"  class=\"panel-grid-cell panel-grid-cell-mobile-last\" ><div id=\"panel-8-1-1-0\" class=\"so-panel widget widget_orion_heading_w panel-first-child\" data-index=\"1\" ><div class=\"orion default panel-widget-style panel-widget-style-for-8-1-1-0\" ><div\n\t\t\t\n\t\t\tclass=\"so-widget-orion_heading_w so-widget-orion_heading_w-base\"\n\t\t\t\n\t\t> \r\n\t\t\t<div class=\"row orion-heading\" style=\"margin-bottom:0px;\">\r\n\t\t<div class=\"col-md-12  separator-style-1 text-center style-h6 style-primary-color\">\r\n\t\t\t<h6 class=\"primary-color\">\r\n\t\t\t\tContactez-nous !\t\t\t<\/h6>\r\n\t\t<\/div>\r\n\t<\/div>\r\n\r\n\t<\/div><\/div><\/div><div id=\"panel-8-1-1-1\" class=\"so-panel widget widget_orion_heading_w\" data-index=\"2\" ><div class=\"orion default panel-widget-style panel-widget-style-for-8-1-1-1\" ><div\n\t\t\t\n\t\t\tclass=\"so-widget-orion_heading_w so-widget-orion_heading_w-base\"\n\t\t\t\n\t\t> \r\n\t\t\t<div class=\"row orion-heading\" style=\"margin-bottom:0px;\">\r\n\t\t<div class=\"col-md-12   text-center style-h2 style-text-dark\">\r\n\t\t\t<h2 class=\"text-dark\">\r\n\t\t\t\tBesoin d`une consultation ?\t\t\t<\/h2>\r\n\t\t<\/div>\r\n\t<\/div>\r\n\r\n\t<\/div><\/div><\/div><div id=\"panel-8-1-1-2\" class=\"so-panel widget widget_sow-editor panel-last-child\" data-index=\"3\" ><div class=\"orion default panel-widget-style panel-widget-style-for-8-1-1-2\" ><div\n\t\t\t\n\t\t\tclass=\"so-widget-sow-editor so-widget-sow-editor-base\"\n\t\t\t\n\t\t>\n<div class=\"siteorigin-widget-tinymce textwidget\">\n\t<p class=\"lead\" style=\"text-align: center;\">Remplissez le formulaire ci-dessous et nous vous contacterons pendant nos heures de travail. Ci vous avez une urgence dentaire, veuillez directement nous appeler au  <b>+41 21 312 84 84<\/b>. Les soins urgents sont g\u00e9n\u00e9ralement trait\u00e9 le jour m\u00eame. <\/p>\n<\/div>\n<\/div><\/div><\/div><\/div><div id=\"pgc-8-1-2\"  class=\"panel-grid-cell panel-grid-cell-empty\" ><\/div><\/div><\/div><div id=\"pg-8-2\"  class=\"panel-grid panel-has-style\" ><div class=\"vertical_down orion-parallax hidden siteorigin-panels-stretch orion-separator top-svg-4 top-svg-inside divider-no-animation tablet-default mobile-1-in-row desktop-default text-light overlay-c2 panel-row-style panel-row-style-for-8-2\" data-stretch-type=\"full\" ><div id=\"pgc-8-2-0\"  class=\"panel-grid-cell\" ><div id=\"panel-8-2-0-0\" class=\"so-panel widget widget_sow-editor panel-first-child panel-last-child\" data-index=\"4\" ><div class=\"orion custom mobile-text-center default panel-widget-style panel-widget-style-for-8-2-0-0\" ><div\n\t\t\t\n\t\t\tclass=\"so-widget-sow-editor so-widget-sow-editor-base\"\n\t\t\t\n\t\t>\n<div class=\"siteorigin-widget-tinymce textwidget\">\n\t<p class=\"lead\">Nulla metus mi, malesuada eu risus nec, placerat imperdiet ex. Nam sit amet arcu id risus varius mattis vel sit amet lectus. Sed sit amet tempus purus. Morbi molestie ex quis vehicula sodales.<\/p>\n<\/div>\n<\/div><\/div><\/div><\/div><div id=\"pgc-8-2-1\"  class=\"panel-grid-cell\" ><div id=\"panel-8-2-1-0\" class=\"so-panel widget widget_orion_upload_w panel-first-child panel-last-child\" data-index=\"5\" ><div class=\"orion default panel-widget-style panel-widget-style-for-8-2-1-0\" ><div\n\t\t\t\n\t\t\tclass=\"so-widget-orion_upload_w so-widget-orion_upload_w-base\"\n\t\t\t\n\t\t><div class=\"row button-wrap\">\r\n\t\r\n\t\r\n\t\t\t\t<div class=\"col-md-12\">\t\t\r\n\t\t\t<a class=\"btn-download icon-right btn btn-white btn-wire\" href=\"https:\/\/www.cabinet-du-grand-pont.ch\/wp-content\/uploads\/2016\/10\/dentalia-demo-doc.pdf\" download=\"dentalia-demo-doc.pdf\">\r\n\t\t\t\t\tOffice Policy\t\t\t\t\t\t\t\t\t\t\t<span class=\"orionicon orionicon-icon_cloud-download_alt\"><\/span>\r\n\t\t\t\t\t\t\t\t\t\t<span class=\"orionicon orionicon-icon_check btn-visited\"><\/span>\r\n\t\t\t<\/a>\r\n\t\t<\/div>\r\n\t\r\n\t\t\t\t<div class=\"col-md-12\">\t\t\r\n\t\t\t<a class=\"btn-download icon-right btn btn-white btn-wire\" href=\"https:\/\/www.cabinet-du-grand-pont.ch\/wp-content\/uploads\/2016\/10\/dentalia-demo-doc.pdf\" download=\"dentalia-demo-doc.pdf\">\r\n\t\t\t\t\tInsurance Form\t\t\t\t\t\t\t\t\t\t\t<span class=\"orionicon orionicon-icon_cloud-download_alt\"><\/span>\r\n\t\t\t\t\t\t\t\t\t\t<span class=\"orionicon orionicon-icon_check btn-visited\"><\/span>\r\n\t\t\t<\/a>\r\n\t\t<\/div>\r\n\t\r\n<\/div><\/div><\/div><\/div><\/div><\/div><\/div><\/div>","protected":false},"excerpt":{"rendered":"<p>Remplissez le formulaire ci-dessous et nous vous contacterons pendant nos heures de travail. Ci vous avez une urgence dentaire, veuillez directement nous appeler au +41 21 312 84 84. Les soins urgents sont g\u00e9n\u00e9ralement trait\u00e9 le jour m\u00eame.<\/p>\n","protected":false},"author":1,"featured_media":0,"parent":0,"menu_order":0,"comment_status":"closed","ping_status":"closed","template":"","meta":{"footnotes":""},"class_list":["post-8","page","type-page","status-publish","hentry"],"_links":{"self":[{"href":"https:\/\/www.cabinet-du-grand-pont.ch\/index.php\/wp-json\/wp\/v2\/pages\/8","targetHints":{"allow":["GET"]}}],"collection":[{"href":"https:\/\/www.cabinet-du-grand-pont.ch\/index.php\/wp-json\/wp\/v2\/pages"}],"about":[{"href":"https:\/\/www.cabinet-du-grand-pont.ch\/index.php\/wp-json\/wp\/v2\/types\/page"}],"author":[{"embeddable":true,"href":"https:\/\/www.cabinet-du-grand-pont.ch\/index.php\/wp-json\/wp\/v2\/users\/1"}],"replies":[{"embeddable":true,"href":"https:\/\/www.cabinet-du-grand-pont.ch\/index.php\/wp-json\/wp\/v2\/comments?post=8"}],"version-history":[{"count":12,"href":"https:\/\/www.cabinet-du-grand-pont.ch\/index.php\/wp-json\/wp\/v2\/pages\/8\/revisions"}],"predecessor-version":[{"id":3439,"href":"https:\/\/www.cabinet-du-grand-pont.ch\/index.php\/wp-json\/wp\/v2\/pages\/8\/revisions\/3439"}],"wp:attachment":[{"href":"https:\/\/www.cabinet-du-grand-pont.ch\/index.php\/wp-json\/wp\/v2\/media?parent=8"}],"curies":[{"name":"wp","href":"https:\/\/api.w.org\/{rel}","templated":true}]}}