{"id":943,"date":"2016-10-05T12:40:02","date_gmt":"2016-10-05T12:40:02","guid":{"rendered":"http:\/\/dentalia.orionthemes.com\/demo-1\/?page_id=943"},"modified":"2021-04-21T15:52:08","modified_gmt":"2021-04-21T15:52:08","slug":"dental-implants","status":"publish","type":"page","link":"https:\/\/www.cabinet-du-grand-pont.ch\/index.php\/services\/dental-implants\/","title":{"rendered":"Implants"},"content":{"rendered":"<div id=\"pl-943\"  class=\"panel-layout\" ><div id=\"pg-943-0\"  class=\"panel-grid panel-has-style\" ><div class=\"divider-no-animation tablet-1-in-row mobile-1-in-row desktop-default panel-row-style panel-row-style-for-943-0\" ><div id=\"pgc-943-0-0\"  class=\"panel-grid-cell\" ><div id=\"panel-943-0-0-0\" class=\"so-panel widget widget_orion_heading_w panel-first-child\" data-index=\"0\" ><div class=\"orion mobile-text-center tablets-text-center default panel-widget-style panel-widget-style-for-943-0-0-0\" ><div\n\t\t\t\n\t\t\tclass=\"so-widget-orion_heading_w so-widget-orion_heading_w-base\"\n\t\t\t\n\t\t> \r\n\t\t\t<div class=\"row orion-heading\" style=\"margin-bottom:0px;\">\r\n\t\t<div class=\"col-md-12  separator-style-1 text-left style-h6 style-primary-color\">\r\n\t\t\t<h6 class=\"primary-color\">\r\n\t\t\t\tQue sont les implants dentaires?\t\t\t<\/h6>\r\n\t\t<\/div>\r\n\t<\/div>\r\n\r\n\t<\/div><\/div><\/div><div id=\"panel-943-0-0-1\" class=\"so-panel widget widget_orion_heading_w\" data-index=\"1\" ><div class=\"orion mobile-text-center tablets-text-center default panel-widget-style panel-widget-style-for-943-0-0-1\" ><div\n\t\t\t\n\t\t\tclass=\"so-widget-orion_heading_w so-widget-orion_heading_w-base\"\n\t\t\t\n\t\t> \r\n\t\t\t<div class=\"row orion-heading\" style=\"margin-bottom:0px;\">\r\n\t\t<div class=\"col-md-12   text-left style-h2 style-text-dark\">\r\n\t\t\t<h2 class=\"text-dark\">\r\n\t\t\t\tSolution permanente pour la perte de dents\t\t\t<\/h2>\r\n\t\t<\/div>\r\n\t<\/div>\r\n\r\n\t<\/div><\/div><\/div><div id=\"panel-943-0-0-2\" class=\"so-panel widget widget_sow-editor\" data-index=\"2\" ><div class=\"orion mobile-text-center tablets-text-center default panel-widget-style panel-widget-style-for-943-0-0-2\" ><div\n\t\t\t\n\t\t\tclass=\"so-widget-sow-editor so-widget-sow-editor-base\"\n\t\t\t\n\t\t>\n<div class=\"siteorigin-widget-tinymce textwidget\">\n\t<p class=\"lead\"><strong>Les implants dentaires repr\u00e9sentent une proc\u00e9dure courante de remplacement permanent des dents manquantes sans affecter les dents voisines.\u00a0<\/strong><\/p>\n<p class=\"lead\">Avec l'aide d'implants dentaires, nous pouvons rem\u00e9dier pleinement \u00e0 l'\u00e9duit\u00e9 et ainsi am\u00e9liorer fortement les capacit\u00e9s de mastication et de parole ainsi que restaurer un beau sourire. Les implants peuvent \u00e9galement servir de porteurs d'un bridge dentaire fixe ou d'une proth\u00e8se dentaire.<\/p>\n<\/div>\n<\/div><\/div><\/div><div id=\"panel-943-0-0-3\" class=\"so-panel widget widget_orion_button_w panel-last-child\" data-index=\"3\" ><div class=\"orion mobile-text-center tablets-text-center absolute-bottom absolute-bottom-left default panel-widget-style panel-widget-style-for-943-0-0-3\" ><div\n\t\t\t\n\t\t\tclass=\"so-widget-orion_button_w so-widget-orion_button_w-base\"\n\t\t\t\n\t\t>\r\n\t\t\t<a class=\"btn btn-c1 btn-round icon-right btn-flat btn-lg\"  href=\"https:\/\/www.cabinet-du-grand-pont.ch\/index.php\/contact-2\/\">\r\n\t\t\tDemander un rendez-vous<span class=\"sow-icon-eleganticons\" data-sow-icon=\"&#xe023;\"\n\t\tstyle=\"color:#ffffff\" \n\t\taria-hidden=\"true\"><\/span>\t\t\r\n\t\t<\/a>\r\n\t\r\n\r\n\r\n\r\n<\/div><\/div><\/div><\/div><div id=\"pgc-943-0-1\"  class=\"panel-grid-cell\" ><div id=\"panel-943-0-1-0\" class=\"so-panel widget widget_orion_image_w panel-first-child panel-last-child\" data-index=\"4\" ><div class=\"orion mobile-text-center default panel-widget-style panel-widget-style-for-943-0-1-0\" ><div\n\t\t\t\n\t\t\tclass=\"so-widget-orion_image_w so-widget-orion_image_w-base\"\n\t\t\t\n\t\t>\r\n<div class=\"image-w relative rounded\">\r\n\r\n\t\t\t\t\t\t\t<div class=\"orion_circle image-wrap rounded overlay-none overlay-hover-none\">\r\n\t\t\r\n\t\t\t\t<div class=\"circle-wrap\">\r\n\t\t\t\t\t<img loading=\"lazy\" decoding=\"async\" width=\"750\" height=\"750\" src=\"https:\/\/www.cabinet-du-grand-pont.ch\/wp-content\/uploads\/2016\/10\/orionthemes-placeholder-image-750x750.jpg\" class=\"attachment-orion_square size-orion_square\" alt=\"\" \/>\t\t\t<div class=\"overlay\"><\/div>\r\n\t\t\t\t<\/div>\r\n\t\t\r\n\t\t\t\t\t<\/div>\r\n\t\t\t\r\n\t\r\n\t<div class=\"absolute\">\r\n\t\t<div class=\"hover-desc table-wrap\">\r\n\t\t\t<div class=\"cell-wrap\">\r\n\t\t\t\t<h4 class=\"text-dark\"><\/h4>\r\n\t\t\t<\/div>\r\n\t\t<\/div>\r\n\t<\/div>\t\t\t\t\t\r\n<\/div>\r\n\r\n<\/div><\/div><\/div><\/div><\/div><\/div><div id=\"pg-943-1\"  class=\"panel-grid panel-has-style\" ><div class=\"horizontal_left orion-parallax siteorigin-panels-stretch divider-no-animation tablet-2-in-row mobile-1-in-row desktop-default overlay-c2 panel-row-style panel-row-style-for-943-1\" data-stretch-type=\"full\" ><div id=\"pgc-943-1-0\"  class=\"panel-grid-cell\" ><div id=\"panel-943-1-0-0\" class=\"so-panel widget widget_orion_list_w panel-first-child panel-last-child\" data-index=\"5\" ><div class=\"orion default panel-widget-style panel-widget-style-for-943-1-0-0\" ><div\n\t\t\t\n\t\t\tclass=\"so-widget-orion_list_w so-widget-orion_list_w-base\"\n\t\t\t\n\t\t><div class=\"row button-wrap\">\r\n\t\r\n\t<div class=\"list-wrap col-md-12\">\r\n\t\t<ul class=\"no-liststyle size-normal\" style=\"background:transparent\">\r\n\t\t\t\t\r\n\t\t<li class=\"text-light\" >\r\n\t\t\t\t\t\t\t<span class=\"icon\">\r\n\t\t\t\t\t<span class=\"sow-icon-eleganticons\" data-sow-icon=\"&#x4e;\"\n\t\tstyle=\"color: #00BCD4\" \n\t\taria-hidden=\"true\"><\/span>\t\t\t\t<\/span>\r\n\t\t\t\t\t\t\t<div class=\"wrapper\">\r\n\t\t\t\t\tSolution permanente\t\t\t\t<\/div>\r\n\t\t<\/li>\t\r\n\r\n\t\t\t\t\r\n\t\t<li class=\"text-light\" >\r\n\t\t\t\t\t\t\t<span class=\"icon\">\r\n\t\t\t\t\t<span class=\"sow-icon-eleganticons\" data-sow-icon=\"&#x4e;\"\n\t\tstyle=\"color: #00BCD4\" \n\t\taria-hidden=\"true\"><\/span>\t\t\t\t<\/span>\r\n\t\t\t\t\t\t\t<div class=\"wrapper\">\r\n\t\t\t\t\tAm\u00e9lioration de la mastication\t\t\t\t<\/div>\r\n\t\t<\/li>\t\r\n\r\n\t\t\t\t\r\n\t\t<li class=\"text-light\" >\r\n\t\t\t\t\t\t\t<span class=\"icon\">\r\n\t\t\t\t\t<span class=\"sow-icon-eleganticons\" data-sow-icon=\"&#x4e;\"\n\t\tstyle=\"color: #00BCD4\" \n\t\taria-hidden=\"true\"><\/span>\t\t\t\t<\/span>\r\n\t\t\t\t\t\t\t<div class=\"wrapper\">\r\n\t\t\t\t\tFonction et apparence naturelles\t\t\t\t<\/div>\r\n\t\t<\/li>\t\r\n\r\n\t\t\t<\/ul>\r\n\t<\/div>\r\n<\/div><\/div><\/div><\/div><\/div><div id=\"pgc-943-1-1\"  class=\"panel-grid-cell\" ><div id=\"panel-943-1-1-0\" class=\"so-panel widget widget_orion_list_w panel-first-child panel-last-child\" data-index=\"6\" ><div class=\"orion default panel-widget-style panel-widget-style-for-943-1-1-0\" ><div\n\t\t\t\n\t\t\tclass=\"so-widget-orion_list_w so-widget-orion_list_w-base\"\n\t\t\t\n\t\t><div class=\"row button-wrap\">\r\n\t\r\n\t<div class=\"list-wrap col-md-12\">\r\n\t\t<ul class=\"no-liststyle size-normal\" style=\"background:transparent\">\r\n\t\t\t\t\r\n\t\t<li class=\"text-light\" >\r\n\t\t\t\t\t\t\t<span class=\"icon\">\r\n\t\t\t\t\t<span class=\"sow-icon-eleganticons\" data-sow-icon=\"&#x4e;\"\n\t\tstyle=\"color: #00BCD4\" \n\t\taria-hidden=\"true\"><\/span>\t\t\t\t<\/span>\r\n\t\t\t\t\t\t\t<div class=\"wrapper\">\r\n\t\t\t\t\tAm\u00e9lioration de l'apparence du visage\t\t\t\t<\/div>\r\n\t\t<\/li>\t\r\n\r\n\t\t\t\t\r\n\t\t<li class=\"text-light\" >\r\n\t\t\t\t\t\t\t<span class=\"icon\">\r\n\t\t\t\t\t<span class=\"sow-icon-eleganticons\" data-sow-icon=\"&#x4e;\"\n\t\tstyle=\"color: #00BCD4\" \n\t\taria-hidden=\"true\"><\/span>\t\t\t\t<\/span>\r\n\t\t\t\t\t\t\t<div class=\"wrapper\">\r\n\t\t\t\t\tPr\u00e9vention de la perte osseuse\t\t\t\t<\/div>\r\n\t\t<\/li>\t\r\n\r\n\t\t\t\t\r\n\t\t<li class=\"text-light\" >\r\n\t\t\t\t\t\t\t<span class=\"icon\">\r\n\t\t\t\t\t<span class=\"sow-icon-eleganticons\" data-sow-icon=\"&#x4e;\"\n\t\tstyle=\"color: #00BCD4\" \n\t\taria-hidden=\"true\"><\/span>\t\t\t\t<\/span>\r\n\t\t\t\t\t\t\t<div class=\"wrapper\">\r\n\t\t\t\t\tAucun soin particulier requis\t\t\t\t<\/div>\r\n\t\t<\/li>\t\r\n\r\n\t\t\t<\/ul>\r\n\t<\/div>\r\n<\/div><\/div><\/div><\/div><\/div><div id=\"pgc-943-1-2\"  class=\"panel-grid-cell\" ><div id=\"panel-943-1-2-0\" class=\"so-panel widget widget_orion_list_w panel-first-child panel-last-child\" data-index=\"7\" ><div class=\"orion default panel-widget-style panel-widget-style-for-943-1-2-0\" ><div\n\t\t\t\n\t\t\tclass=\"so-widget-orion_list_w so-widget-orion_list_w-base\"\n\t\t\t\n\t\t><div class=\"row button-wrap\">\r\n\t\r\n\t<div class=\"list-wrap col-md-12\">\r\n\t\t<ul class=\"no-liststyle size-normal\" style=\"background:transparent\">\r\n\t\t\t\t\r\n\t\t<li class=\"text-light\" >\r\n\t\t\t\t\t\t\t<span class=\"icon\">\r\n\t\t\t\t\t<span class=\"sow-icon-eleganticons\" data-sow-icon=\"&#x4e;\"\n\t\tstyle=\"color: #00BCD4\" \n\t\taria-hidden=\"true\"><\/span>\t\t\t\t<\/span>\r\n\t\t\t\t\t\t\t<div class=\"wrapper\">\r\n\t\t\t\t\tTr\u00e8s robuste et s\u00e9curis\u00e9\t\t\t\t<\/div>\r\n\t\t<\/li>\t\r\n\r\n\t\t\t\t\r\n\t\t<li class=\"text-light\" >\r\n\t\t\t\t\t\t\t<span class=\"icon\">\r\n\t\t\t\t\t<span class=\"sow-icon-eleganticons\" data-sow-icon=\"&#x4e;\"\n\t\tstyle=\"color: #00BCD4\" \n\t\taria-hidden=\"true\"><\/span>\t\t\t\t<\/span>\r\n\t\t\t\t\t\t\t<div class=\"wrapper\">\r\n\t\t\t\t\tAucune restriction alimentaire\t\t\t\t<\/div>\r\n\t\t<\/li>\t\r\n\r\n\t\t\t\t\r\n\t\t<li class=\"text-light\" >\r\n\t\t\t\t\t\t\t<span class=\"icon\">\r\n\t\t\t\t\t<span class=\"sow-icon-eleganticons\" data-sow-icon=\"&#x4e;\"\n\t\tstyle=\"color: #00BCD4\" \n\t\taria-hidden=\"true\"><\/span>\t\t\t\t<\/span>\r\n\t\t\t\t\t\t\t<div class=\"wrapper\">\r\n\t\t\t\t\tPeut \u00eatre modifi\u00e9 ou mis \u00e0 jour\t\t\t\t<\/div>\r\n\t\t<\/li>\t\r\n\r\n\t\t\t<\/ul>\r\n\t<\/div>\r\n<\/div><\/div><\/div><\/div><\/div><\/div><\/div><div id=\"pg-943-2\"  class=\"panel-grid panel-has-style\" ><div class=\"orion-collapse-right-top hidden divider-no-animation tablet-default mobile-1-in-row desktop-default panel-row-style panel-row-style-for-943-2\" ><div id=\"pgc-943-2-0\"  class=\"panel-grid-cell\" ><div id=\"panel-943-2-0-0\" class=\"so-panel widget widget_orion_pricelist_w panel-first-child panel-last-child\" data-index=\"8\" ><div class=\"orion default panel-widget-style panel-widget-style-for-943-2-0-0\" ><div\n\t\t\t\n\t\t\tclass=\"so-widget-orion_pricelist_w so-widget-orion_pricelist_w-base\"\n\t\t\t\n\t\t>\r\n<div class=\"orion-pricelist row \">\r\n\t\t\r\n\r\n\t\t\t<div class=\"item col-md-12\">\r\n\t\t\t<div class=\"title \">\r\n\t\t\t\t<h6 class=\"item-title \"  >\r\n\t\t\t\t\tOral Health Consultation\t\t\r\n\t\t\t\t<\/h6>\r\n\r\n\t\t\t\t\t\t\t\t\t\t\t\t\t\t<h6 class=\"price item-title text-right\" >\r\n\t\t\t\t\t\t\r\n\t\t\t\t\t\t\t\t\t\t\t\t\tfree\t\t\t\t\t\t\t\t\t\t\t\t\r\n\t\t\t\t\t\t\t\r\n\t\t\t\t\t\t<\/h6>\r\n\t\t\t\t\t\t\t<\/div>\r\n\r\n\t\t\t<div class=\"description\" >\r\n\t\t\t\t<p>Includes Full Mouth X-Ray and Treatment Plan<\/p>\t\t\t<\/div>\r\n\t\t<\/div>\r\n\t\t\t<div class=\"item col-md-12\">\r\n\t\t\t<div class=\"title \">\r\n\t\t\t\t<h6 class=\"item-title \"  >\r\n\t\t\t\t\tExam &amp; Cleaning\t\t\r\n\t\t\t\t<\/h6>\r\n\r\n\t\t\t\t\t\t\t\t\t\t\t\t\t\t<h6 class=\"price item-title text-right\" >\r\n\t\t\t\t\t\t\r\n\t\t\t\t\t\t\t\t\t\t\t\t\t$65\t\t\t\t\t\t\t\t\t\t\t\t\r\n\t\t\t\t\t\t\t\r\n\t\t\t\t\t\t<\/h6>\r\n\t\t\t\t\t\t\t<\/div>\r\n\r\n\t\t\t<div class=\"description\" >\r\n\t\t\t\t<p>Includes Full Mouth Cleaning<\/p>\t\t\t<\/div>\r\n\t\t<\/div>\r\n\t\t\t<div class=\"item col-md-12\">\r\n\t\t\t<div class=\"title \">\r\n\t\t\t\t<h6 class=\"item-title \"  >\r\n\t\t\t\t\tWhite Filling\t\t\r\n\t\t\t\t<\/h6>\r\n\r\n\t\t\t\t\t\t\t\t\t\t\t\t\t\t<h6 class=\"price item-title text-right\" >\r\n\t\t\t\t\t\t\r\n\t\t\t\t\t\t\t\t\t\t\t\t\t$99\t\t\t\t\t\t\t\t\t\t\t\t\r\n\t\t\t\t\t\t\t\r\n\t\t\t\t\t\t<\/h6>\r\n\t\t\t\t\t\t\t<\/div>\r\n\r\n\t\t\t<div class=\"description\" >\r\n\t\t\t\t<p>Includes 1 Composite Filling<\/p>\t\t\t<\/div>\r\n\t\t<\/div>\r\n\t\t\t<div class=\"item col-md-12\">\r\n\t\t\t<div class=\"title \">\r\n\t\t\t\t<h6 class=\"item-title \"  >\r\n\t\t\t\t\tFull Mouth Digital X-Ray\t\t\r\n\t\t\t\t<\/h6>\r\n\r\n\t\t\t\t\t\t\t\t\t\t\t\t\t\t<h6 class=\"price item-title text-right\" >\r\n\t\t\t\t\t\t\r\n\t\t\t\t\t\t\t\t\t\t\t\t\t$150\t\t\t\t\t\t\t\t\t\t\t\t\r\n\t\t\t\t\t\t\t\r\n\t\t\t\t\t\t<\/h6>\r\n\t\t\t\t\t\t\t<\/div>\r\n\r\n\t\t\t<div class=\"description\" >\r\n\t\t\t\t<p>Minimally Invasive Techology<\/p>\t\t\t<\/div>\r\n\t\t<\/div>\r\n\t<\/div><\/div><\/div><\/div><\/div><div id=\"pgc-943-2-1\"  class=\"panel-grid-cell\" ><div id=\"panel-943-2-1-0\" class=\"so-panel widget widget_sow-editor panel-first-child\" data-index=\"9\" ><div class=\"orion default panel-widget-style panel-widget-style-for-943-2-1-0\" ><div\n\t\t\t\n\t\t\tclass=\"so-widget-sow-editor so-widget-sow-editor-base\"\n\t\t\t\n\t\t><h3 class=\"widget-title\">PAYMENT OPTIONS<\/h3>\n<div class=\"siteorigin-widget-tinymce textwidget\">\n\t<p>Lorem ipsum dolor sit amet, consectetur adipiscing elit. Etiam massa ligula, aliquet euismod eleifend vitae, interdum ut mi. Praesent fringilla pharetra sapien sit amet semper. Nunc id massa ut mi tempus mattis ac eu lectus. Praesent egestas eleifend porta. Sed posuere venenatis libero quis tempor. Nulla metus mi, malesuada eu risus nec, placerat imperdiet ex.<\/p>\n<\/div>\n<\/div><\/div><\/div><div id=\"panel-943-2-1-1\" class=\"so-panel widget widget_orion_dividers_w\" data-index=\"10\" ><div class=\"orion default panel-widget-style panel-widget-style-for-943-2-1-1\" ><div\n\t\t\t\n\t\t\tclass=\"so-widget-orion_dividers_w so-widget-orion_dividers_w-base\"\n\t\t\t\n\t\t>\t<hr style=\"border-top-width:1px; border-top-color:rgba(242,242,242,1); border-style: solid; width: 100%;  margin-top:23px; margin-bottom:36px;\"><\/div><\/div><\/div><div id=\"panel-943-2-1-2\" class=\"so-panel widget widget_sow-editor panel-last-child\" data-index=\"11\" ><div class=\"orion default panel-widget-style panel-widget-style-for-943-2-1-2\" ><div\n\t\t\t\n\t\t\tclass=\"so-widget-sow-editor so-widget-sow-editor-base\"\n\t\t\t\n\t\t><h3 class=\"widget-title\">INSURANCE<\/h3>\n<div class=\"siteorigin-widget-tinymce textwidget\">\n\t<p>Lorem ipsum dolor sit amet, consectetur adipiscing elit. Etiam massa ligula, aliquet euismod eleifend vitae, interdum ut mi. Praesent fringilla pharetra sapien sit amet semper. Nunc id massa ut mi tempus mattis ac eu lectus. Praesent egestas eleifend porta. Sed posuere venenatis libero quis tempor. Nulla metus mi, malesuada eu risus nec, placerat imperdiet ex.<\/p>\n<\/div>\n<\/div><\/div><\/div><\/div><\/div><\/div><\/div>","protected":false},"excerpt":{"rendered":"<p>Dental implants are a common procedure of permanently replacing missing teeth without affecting neighboring teeth. <\/p>\n","protected":false},"author":1,"featured_media":2878,"parent":968,"menu_order":0,"comment_status":"closed","ping_status":"closed","template":"","meta":{"footnotes":""},"class_list":["post-943","page","type-page","status-publish","has-post-thumbnail","hentry"],"_links":{"self":[{"href":"https:\/\/www.cabinet-du-grand-pont.ch\/index.php\/wp-json\/wp\/v2\/pages\/943","targetHints":{"allow":["GET"]}}],"collection":[{"href":"https:\/\/www.cabinet-du-grand-pont.ch\/index.php\/wp-json\/wp\/v2\/pages"}],"about":[{"href":"https:\/\/www.cabinet-du-grand-pont.ch\/index.php\/wp-json\/wp\/v2\/types\/page"}],"author":[{"embeddable":true,"href":"https:\/\/www.cabinet-du-grand-pont.ch\/index.php\/wp-json\/wp\/v2\/users\/1"}],"replies":[{"embeddable":true,"href":"https:\/\/www.cabinet-du-grand-pont.ch\/index.php\/wp-json\/wp\/v2\/comments?post=943"}],"version-history":[{"count":21,"href":"https:\/\/www.cabinet-du-grand-pont.ch\/index.php\/wp-json\/wp\/v2\/pages\/943\/revisions"}],"predecessor-version":[{"id":2863,"href":"https:\/\/www.cabinet-du-grand-pont.ch\/index.php\/wp-json\/wp\/v2\/pages\/943\/revisions\/2863"}],"up":[{"embeddable":true,"href":"https:\/\/www.cabinet-du-grand-pont.ch\/index.php\/wp-json\/wp\/v2\/pages\/968"}],"wp:featuredmedia":[{"embeddable":true,"href":"https:\/\/www.cabinet-du-grand-pont.ch\/index.php\/wp-json\/wp\/v2\/media\/2878"}],"wp:attachment":[{"href":"https:\/\/www.cabinet-du-grand-pont.ch\/index.php\/wp-json\/wp\/v2\/media?parent=943"}],"curies":[{"name":"wp","href":"https:\/\/api.w.org\/{rel}","templated":true}]}}